{"id":889,"date":"2021-12-08T15:00:34","date_gmt":"2021-12-08T14:00:34","guid":{"rendered":"https:\/\/www.katastrophen-kommando.de\/shop\/?post_type=product&#038;p=889"},"modified":"2024-04-04T15:37:32","modified_gmt":"2024-04-04T13:37:32","slug":"fuer-euch-lp","status":"publish","type":"product","link":"https:\/\/shop.katastrophen-kommando.de\/?product=fuer-euch-lp","title":{"rendered":"F\u00fcr Euch | LP"},"content":{"rendered":"<p>Unser neues Album auf Vinyl gepresst, ein Highlight f\u00fcr uns und hoffentlich auch <strong>F\u00fcr Euch<\/strong>! Schlagt zu!<\/p>\n<p>&#8211; auf 300 St\u00fcck limitiert<br \/>\n&#8211; handnummeriert<br \/>\n&#8211; mit Downloadcode<br \/>\n&#8211; Innentasche mit allen Songtexten<br \/>\n&#8211; schwarzes Vinyl<br \/>\n&#8211; kleine \u00dcberraschung<\/p>\n<p><strong>Trackliste:<\/strong><\/p>\n<p>A:<br \/>\n01 Wir sind wieder da<br \/>\n02 Pogosong<br \/>\n03 Punkromanze<br \/>\n04 Das M\u00e4dchen von nebenan<br \/>\n05 Alles auf Anfang<br \/>\nB:<br \/>\n06 Wie geht&#8217;s, wie steht&#8217;s<br \/>\n07 Halt die Fresse<br \/>\n08 Die traurige Geschichte eines \u00dcberfliegers<br \/>\n09 Allein<br \/>\n10 F\u00fcr Euch<\/p>\n<p><del datetime=\"2022-04-23T08:05:57+00:00\">Wird erst zum 22. April 2022 verschickt!<br \/>\nLeider gibt es aufgrund mangelnder Rohstoffe Verz\u00f6gerungen in der Produktion, weswegen sich die Lieferungen der LPs vorraussichtlich bis in den Juli ziehen. Sobald diese bei uns ankommen werden sie sofort rausgeschickt.<br \/>\nWenn Sie diesen Artikel zusammen mit weiteren Artikeln bestellen, werden alle Artikel erst zu diesem Datum versendet.<\/del><\/p>\n<p>&nbsp;<\/p>\n<p>Aufgenommen: Burns Production Tonstudio<br \/>\n<span class=\"style-scope yt-formatted-string\" dir=\"auto\">Mix + Master: Rock Or Die Studios<\/span><\/p>\n","protected":false},"excerpt":{"rendered":"<p>Unser neues Album auf Vinyl gepresst, ein Highlight f\u00fcr uns und hoffentlich auch F\u00fcr Euch! Schlagt zu! &#8211; auf 300 St\u00fcck limitiert &#8211; handnummeriert &#8211; mit Downloadcode &#8211; Innentasche mit allen Songtexten &#8211; schwarzes Vinyl &#8211; kleine \u00dcberraschung Trackliste: A: 01 Wir sind wieder da 02 Pogosong 03 Punkromanze 04 Das M\u00e4dchen von nebenan 05 [&hellip;]<\/p>\n","protected":false},"featured_media":890,"template":"","meta":[],"product_brand":[],"product_cat":[50,20],"product_tag":[],"class_list":{"0":"post-889","1":"product","2":"type-product","3":"status-publish","4":"has-post-thumbnail","6":"product_cat-lp","7":"product_cat-musik","8":"product_shipping_class-gross","10":"first","11":"instock","12":"downloadable","13":"shipping-taxable","14":"purchasable","15":"product-type-simple"},"_links":{"self":[{"href":"https:\/\/shop.katastrophen-kommando.de\/index.php?rest_route=\/wp\/v2\/product\/889","targetHints":{"allow":["GET"]}}],"collection":[{"href":"https:\/\/shop.katastrophen-kommando.de\/index.php?rest_route=\/wp\/v2\/product"}],"about":[{"href":"https:\/\/shop.katastrophen-kommando.de\/index.php?rest_route=\/wp\/v2\/types\/product"}],"wp:featuredmedia":[{"embeddable":true,"href":"https:\/\/shop.katastrophen-kommando.de\/index.php?rest_route=\/wp\/v2\/media\/890"}],"wp:attachment":[{"href":"https:\/\/shop.katastrophen-kommando.de\/index.php?rest_route=%2Fwp%2Fv2%2Fmedia&parent=889"}],"wp:term":[{"taxonomy":"product_brand","embeddable":true,"href":"https:\/\/shop.katastrophen-kommando.de\/index.php?rest_route=%2Fwp%2Fv2%2Fproduct_brand&post=889"},{"taxonomy":"product_cat","embeddable":true,"href":"https:\/\/shop.katastrophen-kommando.de\/index.php?rest_route=%2Fwp%2Fv2%2Fproduct_cat&post=889"},{"taxonomy":"product_tag","embeddable":true,"href":"https:\/\/shop.katastrophen-kommando.de\/index.php?rest_route=%2Fwp%2Fv2%2Fproduct_tag&post=889"}],"curies":[{"name":"wp","href":"https:\/\/api.w.org\/{rel}","templated":true}]}}