{"id":2,"date":"2019-11-03T10:36:44","date_gmt":"2019-11-03T09:36:44","guid":{"rendered":"https:\/\/katkomdo.de\/shop\/?page_id=2"},"modified":"2019-11-21T21:14:22","modified_gmt":"2019-11-21T20:14:22","slug":"beispiel-seite","status":"publish","type":"page","link":"https:\/\/shop.katastrophen-kommando.de\/?page_id=2","title":{"rendered":"Allgemeine Gesch\u00e4ftsbedingungen (AGB)"},"content":{"rendered":"<p>\nAllgemeine Gesch\u00e4ftsbedingungen der Firma Katastrophen-Kommando<br><br><\/p><p>\u00a71 Geltung gegen\u00fcber Unternehmern und Begriffsdefinitionen\n(1) Die nachfolgenden Allgemeinen Gesch\u00e4ftbedingungen gelten f\u00fcr alle Lieferungen zwischen uns und einem Verbraucher\nin ihrer zum Zeitpunkt der Bestellung g\u00fcltigen Fassung.<br><br>\nVerbraucher ist jede nat\u00fcrliche Person, die ein Rechtsgesch\u00e4ft zu Zwecken abschlie\u00dft, die \u00fcberwiegend weder\nihrer gewerblichen noch ihrer selbst\u00e4ndigen beruflichen T\u00e4tigkeit zugerechnet werden k\u00f6nnen (\u00a7 13 BGB).\n<br><br><\/p><p>\u00a72 Zustandekommen eines Vertrages, Speicherung des Vertragstextes\n(1) Die folgenden Regelungen \u00fcber den Vertragsabschluss gelten f\u00fcr \nBestellungen \u00fcber unseren Internetshop \nhttps:\/\/www.katastrophen-kommando.de\/shop .<br><br><strong>(2) Im Falle des Vertragsschlusses kommt der Vertrag mit<br>\n\n\n<br>\nKatastrophen-Kommando<br>\nPascal Schmalenbach<br>\nBreitscheidstra\u00dfe 4<br>\nD-44309 Dortmund<br>\nRegisternummer <br>\nRegistergericht <br>\n<br>\n\nzustande.<br><\/strong><br>\n(3) Die Pr\u00e4sentation der Waren in unserem Internetshop stellen kein \nrechtlich bindendes Vertragsangebot unsererseits dar,\nsondern sind nur eine unverbindliche Aufforderungen an den Verbraucher, \nWaren zu bestellen. Mit der Bestellung der gew\u00fcnschten Ware gibt der \nVerbraucher ein f\u00fcr\nihn verbindliches Angebot auf Abschluss eines Kaufvertrages ab.<br>\n(4) Bei Eingang einer Bestellung in unserem Internetshop gelten folgende\n Regelungen:\nDer Verbraucher gibt ein bindendes Vertragsangebot ab, indem er die in \nunserem Internetshop vorgesehene Bestellprozedur erfolgreich durchl\u00e4uft.<br><br>\nDie Bestellung erfolgt in folgenden Schritten:<br><br>\n\n     \n    1) Auswahl der gew\u00fcnschten Ware<br> \n     \n    2) Best\u00e4tigen durch Anklicken der Buttons \u201eIn den Warenkorb\u201c<br> \n     \n    3) Pr\u00fcfung der Angaben im Warenkorb<br> \n     \n    4) Bet\u00e4tigung des Buttons \u201ezur Kasse\u201c <br> \n     \n    5) Evtl. Anmeldung im Internetshop nach Registrierung und Eingabe der Anmelderangaben (E-Mail-Adresse und Passwort).<br> \n     \n    6) Nochmalige Pr\u00fcfung bzw. Berichtigung der jeweiligen eingegebenen Daten.<br> \n     \n    7) Verbindliche Absendung der Bestellung durch Anklicken des Buttons \u201ekostenpflichtig bestellen\u201c bzw. \u201eJetzt kaufen\u201c<br><br>\n\nDer Verbraucher kann vor dem verbindlichen Absenden der Bestellung durch\n Bet\u00e4tigen der in dem von ihm verwendeten Internet-Browser enthaltenen \n\u201eZur\u00fcck\u201c-Taste nach\nKontrolle seiner Angaben wieder zu der Internetseite gelangen, auf der \ndie Angaben des Kunden erfasst werden und Eingabefehler berichtigen bzw.\n durch Schlie\u00dfen des\nInternetbrowsers den Bestellvorgang abbrechen.\nWir best\u00e4tigen den Eingang der Bestellung unmittelbar durch eine \nautomatisch generierte E-Mail (\u201eAuftragsbest\u00e4tigung\u201c). Mit dieser nehmen\n wir Ihr Angebot an.\n<br><br>\n(5) Speicherung des Vertragstextes bei Bestellungen \u00fcber unseren \nInternetshop : Wir speichern den Vertragstext und senden Ihnen die \nBestelldaten und unsere AGB per\nE-Mail zu. Die AGB k\u00f6nnen Sie jederzeit auch unter \nhttps:\/\/www.katastrophen-kommando.de\/shop\/?page_id=2  einsehen.\n\n    Ihre vergangenen Bestellungen k\u00f6nnen Sie in unserem Kunden-Bereich \nunter Mein Konto &#8211;&gt; Bestellungen einsehen.<br><br><\/p><p>\u00a73 Preise, Versandkosten, Zahlung, F\u00e4lligkeit\n(1) Die angegebenen Preise enthalten die gesetzliche Umsatzsteuer und \nsonstige Preisbestandteile. Hinzu kommen etwaige Versandkosten.<br><br>\n(2) Der Verbraucher hat die M\u00f6glichkeit der Zahlung per \n            Vorkasse, \n     \n        \n     \n        \n            PayPal \n     \n        \n     \n        \n.<br><br>\n(3) Hat der Verbraucher die Zahlung per Vorkasse gew\u00e4hlt, so \nverpflichtet er sich, den Kaufpreis unverz\u00fcglich nach Vertragsschluss zu\n zahlen.<br><br><\/p><p>\u00a74 Lieferung\n(1) Sofern wir dies in der Produktbeschreibung nicht deutlich anders \nangegeben haben, sind alle von uns angebotenen Artikel sofort \nversandfertig.\nDie Lieferung erfolgt hier sp\u00e4testen innerhalb von 14 Werktagen.\nDabei beginnt die Frist f\u00fcr die Lieferung im Falle der Zahlung per \nVorkasse am Tag nach\nZahlungsauftrag an die mit der \u00dcberweisung beauftragte Bank und bei \nallen anderen Zahlungsarten am Tag nach Vertragsschluss zu laufen.\nF\u00e4llt das Fristende auf einen Samstag, Sonntag oder gesetzlichen \nFeiertag am Lieferort, so endet die Frist am n\u00e4chsten Werktag.\n<\/p><p>\n\n(2) Die Gefahr des zuf\u00e4lligen Untergangs und der zuf\u00e4lligen Verschlechterung der\nverkauften Sache geht auch beim Versendungskauf erst mit der \u00dcbergabe der Sache an den K\u00e4ufer auf diesen \u00fcber.  <br><br><\/p><p>\u00a75 Eigentumsvorbehalt\nWir behalten uns das Eigentum an der Ware bis zur vollst\u00e4ndigen Bezahlung des Kaufpreises vor. <br><br>\n\n****************************************************************************************************\n<br><\/p><p>\u00a76 Widerrufsrecht des Kunden als Verbraucher:\n<strong>\n    Widerrufsrecht f\u00fcr Verbraucher<\/strong><br><br>\n    Verbrauchern steht ein Widerrufsrecht nach folgender Ma\u00dfgabe zu, \nwobei Verbraucher jede nat\u00fcrliche Person ist, die ein Rechtsgesch\u00e4ft zu \nZwecken abschlie\u00dft,\n    die \u00fcberwiegend weder ihrer gewerblichen noch ihrer selbst\u00e4ndigen \nberuflichen T\u00e4tigkeit zugerechnet werden k\u00f6nnen:\n\n    <br><br><\/p><p>Widerrufsbelehrung<br><strong>Widerrufsrecht<\/strong><br><br>     Sie haben das Recht, binnen vierzehn Tagen ohne Angabe von Gr\u00fcnden diesen Vertrag zu widerrufen.     <br><br>     Die Widerrufsfrist betr\u00e4gt vierzehn Tage, ab dem Tag, an dem Sie oder ein von Ihnen benannter Dritter,         der nicht der Bef\u00f6rderer ist, die Waren    in Besitz genommen haben bzw. hat.     <\/p><p>     Um Ihr Widerrufsrecht auszu\u00fcben, m\u00fcssen Sie uns<br>         Katastrophen-Kommando<br>         Pascal Schmalenbach<br>         Breitscheidstra\u00dfe 4<br>         D-44309 Dortmund<br>         E-Mail shop@katastrophen-kommando.de<br>mittels einer eindeutigen Erkl\u00e4rung (z.B. ein mit der Post  versandter Brief, Telefax oder E-Mail) \u00fcber Ihren Entschluss,     diesen Vertrag zu widerrufen, informieren. Sie k\u00f6nnen daf\u00fcr das  beigef\u00fcgte Muster-Widerrufsformular verwenden, das jedoch nicht  vorgeschrieben ist.     <br><br><strong>Widerrufsfolgen<\/strong><\/p><p>     Wenn Sie diesen Vertrag widerrufen, haben wir Ihnen alle Zahlungen,  die wir von Ihnen erhalten haben, einschlie\u00dflich der     Lieferkosten (mit Ausnahme der zus\u00e4tzlichen Kosten, die sich daraus  ergeben, dass Sie eine andere Art der Lieferung als     die von uns angebotene, g\u00fcnstigste Standardlieferung gew\u00e4hlt haben),  unverz\u00fcglich und sp\u00e4testens binnen vierzehn Tagen     ab dem Tag zur\u00fcckzuzahlen, an dem die Mitteilung \u00fcber Ihren Widerruf  dieses Vertrags bei uns eingegangen ist.     F\u00fcr diese R\u00fcckzahlung verwenden wir dasselbe Zahlungsmittel, das Sie  bei der urspr\u00fcnglichen Transaktion eingesetzt haben,     es sei denn, mit Ihnen wurde ausdr\u00fccklich etwas anderes vereinbart;  in keinem Fall werden Ihnen wegen dieser R\u00fcckzahlung Entgelte berechnet. <br><br>     Wir k\u00f6nnen die R\u00fcckzahlung verweigern, bis wir die Waren wieder  zur\u00fcckerhalten haben oder bis Sie den Nachweis erbracht haben,     dass Sie die Waren zur\u00fcckgesandt haben, je nachdem, welches der  fr\u00fchere Zeitpunkt ist. <br><br>     Sie haben die Waren unverz\u00fcglich und in jedem Fall sp\u00e4testens binnen vierzehn Tagen ab dem Tag, an dem Sie uns \u00fcber den     Widerruf dieses Vertrages unterrichten, an uns zur\u00fcckzusenden oder zu \u00fcbergeben. Die Frist ist gewahrt,     wenn Sie die Waren vor Ablauf der Frist von vierzehn Tagen absenden.     <br><br> Sie tragen die unmittelbaren Kosten der R\u00fccksendung der Waren.<br><br><strong>Ende der Widerrufsbelehrung<\/strong><br><\/p><p>\u00a78 Gew\u00e4hrleistung\n\n\nEs gelten die gesetzlichen Gew\u00e4hrleistungsregelungen.\n<br><br><\/p><p>\u00a79 Verhaltenskodex\n    Wir haben uns den Verhaltenskodizes der folgenden Einrichtungen unterworfen:\n    \n<br><\/p><p>\u00a710 Vertragssprache\n Als Vertragssprache steht ausschlie\u00dflich Deutsch zur Verf\u00fcgung.<br><br><br><\/p><p>Stand der AGB Nov.2019<\/p>","protected":false},"excerpt":{"rendered":"<p>Allgemeine Gesch\u00e4ftsbedingungen der Firma Katastrophen-Kommando \u00a71 Geltung gegen\u00fcber Unternehmern und Begriffsdefinitionen (1) Die nachfolgenden Allgemeinen Gesch\u00e4ftbedingungen gelten f\u00fcr alle Lieferungen zwischen uns und einem Verbraucher in ihrer zum Zeitpunkt der Bestellung g\u00fcltigen Fassung. Verbraucher ist jede nat\u00fcrliche Person, die ein Rechtsgesch\u00e4ft zu Zwecken abschlie\u00dft, die \u00fcberwiegend weder ihrer gewerblichen noch ihrer selbst\u00e4ndigen beruflichen T\u00e4tigkeit zugerechnet [&hellip;]<\/p>\n","protected":false},"author":1,"featured_media":0,"parent":0,"menu_order":0,"comment_status":"closed","ping_status":"open","template":"","meta":{"footnotes":""},"class_list":["post-2","page","type-page","status-publish","hentry"],"_links":{"self":[{"href":"https:\/\/shop.katastrophen-kommando.de\/index.php?rest_route=\/wp\/v2\/pages\/2","targetHints":{"allow":["GET"]}}],"collection":[{"href":"https:\/\/shop.katastrophen-kommando.de\/index.php?rest_route=\/wp\/v2\/pages"}],"about":[{"href":"https:\/\/shop.katastrophen-kommando.de\/index.php?rest_route=\/wp\/v2\/types\/page"}],"author":[{"embeddable":true,"href":"https:\/\/shop.katastrophen-kommando.de\/index.php?rest_route=\/wp\/v2\/users\/1"}],"replies":[{"embeddable":true,"href":"https:\/\/shop.katastrophen-kommando.de\/index.php?rest_route=%2Fwp%2Fv2%2Fcomments&post=2"}],"version-history":[{"count":3,"href":"https:\/\/shop.katastrophen-kommando.de\/index.php?rest_route=\/wp\/v2\/pages\/2\/revisions"}],"predecessor-version":[{"id":191,"href":"https:\/\/shop.katastrophen-kommando.de\/index.php?rest_route=\/wp\/v2\/pages\/2\/revisions\/191"}],"wp:attachment":[{"href":"https:\/\/shop.katastrophen-kommando.de\/index.php?rest_route=%2Fwp%2Fv2%2Fmedia&parent=2"}],"curies":[{"name":"wp","href":"https:\/\/api.w.org\/{rel}","templated":true}]}}